{"id":1946,"date":"2023-11-08T10:23:55","date_gmt":"2023-11-08T09:23:55","guid":{"rendered":"https:\/\/spangenberg.043test.nl\/?page_id=1946"},"modified":"2023-11-13T09:49:26","modified_gmt":"2023-11-13T08:49:26","slug":"erklarung-zum-datenschutz","status":"publish","type":"page","link":"https:\/\/spangenberggroep.nl\/de\/privacy-verklaring\/","title":{"rendered":"ERKL\u00c4RUNG ZUM DATENSCHUTZ"},"content":{"rendered":"<div data-elementor-type=\"wp-page\" data-elementor-id=\"1946\" class=\"elementor elementor-1946\" data-elementor-post-type=\"page\">\n\t\t\t\t<div class=\"elementor-element elementor-element-76e7616 e-flex e-con-boxed e-con e-parent\" data-id=\"76e7616\" data-element_type=\"container\" data-e-type=\"container\" data-settings=\"{&quot;background_background&quot;:&quot;classic&quot;,&quot;shape_divider_bottom&quot;:&quot;split&quot;,&quot;jet_parallax_layout_list&quot;:[]}\">\n\t\t\t\t\t<div class=\"e-con-inner\">\n\t\t\t\t<div class=\"elementor-shape elementor-shape-bottom\" aria-hidden=\"true\" data-negative=\"false\">\n\t\t\t<svg xmlns=\"http:\/\/www.w3.org\/2000\/svg\" viewbox=\"0 0 1000 20\" preserveaspectratio=\"none\">\n\t<path class=\"elementor-shape-fill\" d=\"M0,0v3c0,0,393.8,0,483.4,0c9.2,0,16.6,7.4,16.6,16.6c0-9.1,7.4-16.6,16.6-16.6C606.2,3,1000,3,1000,3V0H0z\"\/>\n<\/svg>\t\t<\/div>\n\t\t<div class=\"elementor-element elementor-element-f188db2 e-con-full e-flex e-con e-child\" data-id=\"f188db2\" data-element_type=\"container\" data-e-type=\"container\" data-settings=\"{&quot;jet_parallax_layout_list&quot;:[]}\">\n\t\t\t\t<div class=\"elementor-element elementor-element-e76a2ec elementor-widget__width-auto elementor-absolute elementor-hidden-phone e-transform elementor-widget-divider--separator-type-pattern elementor-widget-divider--no-spacing elementor-widget-divider--view-line elementor-widget elementor-widget-divider\" data-id=\"e76a2ec\" data-element_type=\"widget\" data-e-type=\"widget\" data-settings=\"{&quot;_position&quot;:&quot;absolute&quot;,&quot;_transform_translateX_effect&quot;:{&quot;unit&quot;:&quot;px&quot;,&quot;size&quot;:120,&quot;sizes&quot;:[]},&quot;_transform_translateY_effect&quot;:{&quot;unit&quot;:&quot;px&quot;,&quot;size&quot;:30,&quot;sizes&quot;:[]},&quot;_transform_translateX_effect_tablet&quot;:{&quot;unit&quot;:&quot;px&quot;,&quot;size&quot;:&quot;&quot;,&quot;sizes&quot;:[]},&quot;_transform_translateX_effect_mobile&quot;:{&quot;unit&quot;:&quot;px&quot;,&quot;size&quot;:&quot;&quot;,&quot;sizes&quot;:[]},&quot;_transform_translateY_effect_tablet&quot;:{&quot;unit&quot;:&quot;px&quot;,&quot;size&quot;:&quot;&quot;,&quot;sizes&quot;:[]},&quot;_transform_translateY_effect_mobile&quot;:{&quot;unit&quot;:&quot;px&quot;,&quot;size&quot;:&quot;&quot;,&quot;sizes&quot;:[]}}\" data-widget_type=\"divider.default\">\n\t\t\t\t\t\t\t<div class=\"elementor-divider\" style=\"--divider-pattern-url: url(&quot;data:image\/svg+xml,%3Csvg xmlns=&#039;http:\/\/www.w3.org\/2000\/svg&#039; preserveAspectRatio=&#039;xMidYMid meet&#039; overflow=&#039;visible&#039; height=&#039;100%&#039; viewBox=&#039;0 0 120 26&#039; fill=&#039;black&#039; stroke=&#039;none&#039;%3E%3Cpolygon points=&#039;0,14.4 0,21 11.5,12.4 21.3,20 30.4,11.1 40.3,20 51,12.4 60.6,20 69.6,11.1 79.3,20 90.1,12.4 99.6,20 109.7,11.1 120,21 120,14.4 109.7,5 99.6,13 90.1,5 79.3,14.5 71,5.7 60.6,12.4 51,5 40.3,14.5 31.1,5 21.3,13 11.5,5 \t&#039;\/%3E%3C\/svg%3E&quot;);\">\n\t\t\t<span class=\"elementor-divider-separator\">\n\t\t\t\t\t\t<\/span>\n\t\t<\/div>\n\t\t\t\t\t\t<\/div>\n\t\t\t\t<div class=\"elementor-element elementor-element-005e4c2 elementor-widget__width-initial elementor-absolute e-transform elementor-widget elementor-widget-spacer\" data-id=\"005e4c2\" data-element_type=\"widget\" data-e-type=\"widget\" data-settings=\"{&quot;_position&quot;:&quot;absolute&quot;,&quot;_transform_translateX_effect&quot;:{&quot;unit&quot;:&quot;px&quot;,&quot;size&quot;:0,&quot;sizes&quot;:[]},&quot;_transform_translateY_effect&quot;:{&quot;unit&quot;:&quot;px&quot;,&quot;size&quot;:-30,&quot;sizes&quot;:[]},&quot;_transform_translateX_effect_tablet&quot;:{&quot;unit&quot;:&quot;px&quot;,&quot;size&quot;:&quot;&quot;,&quot;sizes&quot;:[]},&quot;_transform_translateX_effect_mobile&quot;:{&quot;unit&quot;:&quot;px&quot;,&quot;size&quot;:&quot;&quot;,&quot;sizes&quot;:[]},&quot;_transform_translateY_effect_tablet&quot;:{&quot;unit&quot;:&quot;px&quot;,&quot;size&quot;:&quot;&quot;,&quot;sizes&quot;:[]},&quot;_transform_translateY_effect_mobile&quot;:{&quot;unit&quot;:&quot;px&quot;,&quot;size&quot;:&quot;&quot;,&quot;sizes&quot;:[]}}\" data-widget_type=\"spacer.default\">\n\t\t\t\t\t\t\t<div class=\"elementor-spacer\">\n\t\t\t<div class=\"elementor-spacer-inner\"><\/div>\n\t\t<\/div>\n\t\t\t\t\t\t<\/div>\n\t\t\t\t<div class=\"elementor-element elementor-element-b40760a elementor-invisible elementor-widget elementor-widget-heading\" data-id=\"b40760a\" data-element_type=\"widget\" data-e-type=\"widget\" data-settings=\"{&quot;_animation&quot;:&quot;fadeInUp&quot;}\" data-widget_type=\"heading.default\">\n\t\t\t\t\t<h1 class=\"elementor-heading-title elementor-size-default\">Spangenberg-Gruppe<\/h1>\t\t\t\t<\/div>\n\t\t\t\t<div class=\"elementor-element elementor-element-0716fb6 elementor-invisible elementor-widget elementor-widget-heading\" data-id=\"0716fb6\" data-element_type=\"widget\" data-e-type=\"widget\" data-settings=\"{&quot;_animation&quot;:&quot;fadeInUp&quot;}\" data-widget_type=\"heading.default\">\n\t\t\t\t\t<h1 class=\"elementor-heading-title elementor-size-default\">Erkl\u00e4rung zum Datenschutz<\/h1>\t\t\t\t<\/div>\n\t\t\t\t<\/div>\n\t\t<div class=\"elementor-element elementor-element-04a2736 e-con-full elementor-hidden-mobile e-flex e-con e-child\" data-id=\"04a2736\" data-element_type=\"container\" data-e-type=\"container\" data-settings=\"{&quot;jet_parallax_layout_list&quot;:[]}\">\n\t\t\t\t<div class=\"elementor-element elementor-element-ebc94fd elementor-widget__width-initial elementor-absolute e-transform elementor-widget elementor-widget-spacer\" data-id=\"ebc94fd\" data-element_type=\"widget\" data-e-type=\"widget\" data-settings=\"{&quot;_position&quot;:&quot;absolute&quot;,&quot;_transform_translateX_effect&quot;:{&quot;unit&quot;:&quot;px&quot;,&quot;size&quot;:185,&quot;sizes&quot;:[]},&quot;_transform_translateX_effect_tablet&quot;:{&quot;unit&quot;:&quot;px&quot;,&quot;size&quot;:&quot;&quot;,&quot;sizes&quot;:[]},&quot;_transform_translateX_effect_mobile&quot;:{&quot;unit&quot;:&quot;px&quot;,&quot;size&quot;:&quot;&quot;,&quot;sizes&quot;:[]},&quot;_transform_translateY_effect&quot;:{&quot;unit&quot;:&quot;px&quot;,&quot;size&quot;:&quot;&quot;,&quot;sizes&quot;:[]},&quot;_transform_translateY_effect_tablet&quot;:{&quot;unit&quot;:&quot;px&quot;,&quot;size&quot;:&quot;&quot;,&quot;sizes&quot;:[]},&quot;_transform_translateY_effect_mobile&quot;:{&quot;unit&quot;:&quot;px&quot;,&quot;size&quot;:&quot;&quot;,&quot;sizes&quot;:[]}}\" data-widget_type=\"spacer.default\">\n\t\t\t\t\t\t\t<div class=\"elementor-spacer\">\n\t\t\t<div class=\"elementor-spacer-inner\"><\/div>\n\t\t<\/div>\n\t\t\t\t\t\t<\/div>\n\t\t\t\t<div class=\"elementor-element elementor-element-010f19d elementor-widget__width-initial elementor-absolute e-transform elementor-widget elementor-widget-spacer\" data-id=\"010f19d\" data-element_type=\"widget\" data-e-type=\"widget\" data-settings=\"{&quot;_position&quot;:&quot;absolute&quot;,&quot;_transform_translateX_effect&quot;:{&quot;unit&quot;:&quot;px&quot;,&quot;size&quot;:0,&quot;sizes&quot;:[]},&quot;_transform_translateY_effect&quot;:{&quot;unit&quot;:&quot;px&quot;,&quot;size&quot;:140,&quot;sizes&quot;:[]},&quot;_transform_translateX_effect_tablet&quot;:{&quot;unit&quot;:&quot;px&quot;,&quot;size&quot;:&quot;&quot;,&quot;sizes&quot;:[]},&quot;_transform_translateX_effect_mobile&quot;:{&quot;unit&quot;:&quot;px&quot;,&quot;size&quot;:&quot;&quot;,&quot;sizes&quot;:[]},&quot;_transform_translateY_effect_tablet&quot;:{&quot;unit&quot;:&quot;px&quot;,&quot;size&quot;:&quot;&quot;,&quot;sizes&quot;:[]},&quot;_transform_translateY_effect_mobile&quot;:{&quot;unit&quot;:&quot;px&quot;,&quot;size&quot;:&quot;&quot;,&quot;sizes&quot;:[]}}\" data-widget_type=\"spacer.default\">\n\t\t\t\t\t\t\t<div class=\"elementor-spacer\">\n\t\t\t<div class=\"elementor-spacer-inner\"><\/div>\n\t\t<\/div>\n\t\t\t\t\t\t<\/div>\n\t\t\t\t<div class=\"elementor-element elementor-element-5ba70f6 elementor-position-inline-end elementor-view-stacked elementor-mobile-position-inline-start elementor-widget__width-auto elementor-widget-tablet__width-auto elementor-widget-mobile__width-auto elementor-shape-circle elementor-widget elementor-widget-icon-box\" data-id=\"5ba70f6\" data-element_type=\"widget\" data-e-type=\"widget\" data-widget_type=\"icon-box.default\">\n\t\t\t\t\t\t\t<div class=\"elementor-icon-box-wrapper\">\n\n\t\t\t\t\t\t<div class=\"elementor-icon-box-icon\">\n\t\t\t\t<a href=\"tel:+31%20(0)%2085-8884661\" class=\"elementor-icon\" tabindex=\"-1\" aria-label=\"Fragen oder weitere Informationen? RUFEN SIE UNS AN!\">\n\t\t\t\t<svg aria-hidden=\"true\" class=\"e-font-icon-svg e-fas-headphones-alt\" viewbox=\"0 0 512 512\" xmlns=\"http:\/\/www.w3.org\/2000\/svg\"><path d=\"M160 288h-16c-35.35 0-64 28.7-64 64.12v63.76c0 35.41 28.65 64.12 64 64.12h16c17.67 0 32-14.36 32-32.06V320.06c0-17.71-14.33-32.06-32-32.06zm208 0h-16c-17.67 0-32 14.35-32 32.06v127.88c0 17.7 14.33 32.06 32 32.06h16c35.35 0 64-28.71 64-64.12v-63.76c0-35.41-28.65-64.12-64-64.12zM256 32C112.91 32 4.57 151.13 0 288v112c0 8.84 7.16 16 16 16h16c8.84 0 16-7.16 16-16V288c0-114.67 93.33-207.8 208-207.82 114.67.02 208 93.15 208 207.82v112c0 8.84 7.16 16 16 16h16c8.84 0 16-7.16 16-16V288C507.43 151.13 399.09 32 256 32z\"><\/path><\/svg>\t\t\t\t<\/a>\n\t\t\t<\/div>\n\t\t\t\n\t\t\t\t\t\t<div class=\"elementor-icon-box-content\">\n\n\t\t\t\t\t\t\t\t\t<div class=\"elementor-icon-box-title\">\n\t\t\t\t\t\t<a href=\"tel:+31%20(0)%2085-8884661\" >\n\t\t\t\t\t\t\tFragen oder weitere Informationen? RUFEN SIE UNS AN!\t\t\t\t\t\t<\/a>\n\t\t\t\t\t<\/div>\n\t\t\t\t\n\t\t\t\t\t\t\t\t\t<p class=\"elementor-icon-box-description\">\n\t\t\t\t\t\t+31 (0) 85-8884661\t\t\t\t\t<\/p>\n\t\t\t\t\n\t\t\t<\/div>\n\t\t\t\n\t\t<\/div>\n\t\t\t\t\t\t<\/div>\n\t\t\t\t<\/div>\n\t\t\t\t\t<\/div>\n\t\t\t\t<\/div>\n\t\t<div class=\"elementor-element elementor-element-67a13562 e-flex e-con-boxed e-con e-parent\" data-id=\"67a13562\" data-element_type=\"container\" data-e-type=\"container\" data-settings=\"{&quot;jet_parallax_layout_list&quot;:[]}\">\n\t\t\t\t\t<div class=\"e-con-inner\">\n\t\t\t\t<div class=\"elementor-element elementor-element-2a18a6ec elementor-widget elementor-widget-text-editor\" data-id=\"2a18a6ec\" data-element_type=\"widget\" data-e-type=\"widget\" data-widget_type=\"text-editor.default\">\n\t\t\t\t\t\t\t\t\t<div class=\"elementor-element elementor-element-976a9ff elementor-widget elementor-widget-text-editor\" data-id=\"976a9ff\" data-element_type=\"widget\" data-widget_type=\"text-editor.default\"><div class=\"elementor-widget-container\"><h2><span style=\"font-size: 16px;\">Datenschutz und Cookie-Erkl\u00e4rung Spangenberg B.V.<\/span><\/h2><\/div><\/div><div class=\"elementor-element elementor-element-3d16db2 elementor-widget elementor-widget-text-editor\" data-id=\"3d16db2\" data-element_type=\"widget\" data-widget_type=\"text-editor.default\"><div class=\"elementor-widget-container\"><p>Ihre Privatsph\u00e4re ist f\u00fcr Spangenberg B.V. von gro\u00dfer Bedeutung. Daher halten wir uns an die einschl\u00e4gigen Gesetze und Vorschriften zum Datenschutz, einschlie\u00dflich der Allgemeinen Datenschutzverordnung (im Folgenden: AVG). Dies bedeutet, dass wir:<\/p><ul><li><strong>Definieren Sie unsere Ziele klar und deutlich,<\/strong>\u00a0bevor wir Ihre personenbezogenen Daten verarbeiten, durch diesen Datenschutzhinweis;<\/li><li><strong>So wenig pers\u00f6nliche Daten wie m\u00f6glich speichern<\/strong>\u00a0und nur die f\u00fcr unsere Zwecke erforderlichen Daten;<\/li><li><strong>Ausdr\u00fccklich um Erlaubnis bitten<\/strong>\u00a0f\u00fcr die Verarbeitung Ihrer personenbezogenen Daten, sofern eine Einwilligung erforderlich ist;<\/li><li><strong>Ergreifen der erforderlichen Sicherheitsma\u00dfnahmen<\/strong>\u00a0zum Schutz Ihrer personenbezogenen Daten. Wir erlegen diese Verpflichtungen auch den Parteien auf, die personenbezogene Daten f\u00fcr uns verarbeiten;<\/li><li><strong>Wahrung Ihrer Rechte<\/strong>wie das Recht auf Einsichtnahme, Berichtigung oder L\u00f6schung Ihrer bei uns verarbeiteten personenbezogenen Daten.<\/li><\/ul><p>Ihre Daten sind bei uns sicher und wir werden sie stets ordnungsgem\u00e4\u00df verwenden. In dieser Datenschutzerkl\u00e4rung erkl\u00e4ren wir, was wir bei der Firma Spangenberg B.V. mit den Informationen tun, die wir \u00fcber Sie erfahren.<\/p><p>Wenn Sie Fragen haben oder genau wissen m\u00f6chten, was wir \u00fcber Sie verfolgen, wenden Sie sich bitte an Spangenberg B.V.<\/p><p><strong>Ihr Konto<\/strong><br \/>F\u00fcr bestimmte Bereiche unseres Unternehmens m\u00fcssen Sie sich zun\u00e4chst registrieren. Sie m\u00fcssen dann Informationen \u00fcber sich selbst angeben und einen Benutzernamen w\u00e4hlen. Damit erstellen wir ein Konto, in das Sie sich mit diesem Benutzernamen und einem von Ihnen gew\u00e4hlten Passwort einloggen k\u00f6nnen.<br \/>Hierf\u00fcr verwenden wir Ihre:<\/p><ul><li>Kontaktangaben<\/li><li>Rufnummer<\/li><li>Rechnungsadresse<\/li><li>E-Mail Adresse<\/li><li>Einzelheiten zur Zahlung<\/li><\/ul><p>Wir tun dies auf der Grundlage Ihrer Zustimmung. Wir bewahren diese Informationen auf, bis Sie Ihr Konto k\u00fcndigen. Wir bewahren diese Informationen auf, damit Sie sie nicht immer wieder im Unternehmen ausf\u00fcllen m\u00fcssen und damit wir Sie bei Bedarf leichter kontaktieren k\u00f6nnen. Sie k\u00f6nnen die Informationen in Ihrem Konto jederzeit \u00e4ndern.<\/p><p><strong>Auftragsabwicklung<\/strong><br \/>Wenn Sie bei uns eine Bestellung aufgeben, verwenden wir Ihre personenbezogenen Daten, um diese ordnungsgem\u00e4\u00df abzuwickeln. Wir k\u00f6nnen Ihre pers\u00f6nlichen Daten an unseren Lieferdienst weitergeben, damit die Bestellung an Sie ausgeliefert werden kann. Wir erhalten auch Informationen \u00fcber Ihre Zahlung von Ihrer Bank oder Ihrem Kreditkartenunternehmen. Zu diesem Zweck verwenden wir Ihre:<\/p><ul><li>Kontaktangaben<\/li><li>Rufnummer<\/li><li>Rechnungsadresse<\/li><li>E-Mail Adresse<\/li><li>Einzelheiten zur Zahlung<\/li><\/ul><p>Wir tun dies auf der Grundlage Ihrer Zustimmung. Wir bewahren diese Informationen auf, bis Ihre Bestellung abgeschlossen ist. Bestimmte Kundendaten bewahren wir im Zusammenhang mit der gesetzlichen steuerlichen Aufbewahrungspflicht l\u00e4nger auf.<\/p><p><strong>Versand von Newslettern<\/strong><br \/>Wir haben einen Newsletter und Sie werden automatisch in die Liste der Abonnenten aufgenommen. In dem Newsletter lesen Sie Neuigkeiten, Tipps und Informationen \u00fcber unsere Produkte und Dienstleistungen. Wir verwenden Ihre:<\/p><ul><li>Kontaktangaben<\/li><li>Rufnummer<\/li><li>Rechnungsadresse<\/li><li>E-Mail Adresse<\/li><\/ul><p>Wir tun dies auf der Grundlage Ihrer Zustimmung. Wir bewahren diese Informationen auf, bis Sie das Abonnement k\u00fcndigen.<\/p><p>Der Newsletter wird monatlich per Post verschickt. Der Inhalt des Newsletters umfasst die folgenden Themen:<\/p><p>Sie k\u00f6nnen den Newsletter jederzeit wieder abbestellen. Jeder Newsletter enth\u00e4lt einen Abmeldelink.<\/p><p><strong>Zugang zum Portal<\/strong><br \/>Unser Portal gibt Ihnen Zugang zu einer Verwaltungsumgebung, in der Sie selbst Dinge f\u00fcr das Unternehmen einrichten, festlegen und \u00e4ndern k\u00f6nnen. Wir f\u00fchren Buch dar\u00fcber, was Sie wann getan haben, damit es einen Nachweis daf\u00fcr gibt. Wir nutzen Ihre:<\/p><ul><li>Kontaktangaben<\/li><li>Rufnummer<\/li><li>Rechnungsadresse<\/li><li>E-Mail Adresse<\/li><li>Einzelheiten zur Zahlung<\/li><\/ul><p>Wir tun dies auf der Grundlage Ihrer Zustimmung. Wir bewahren diese Informationen auf, bis zum Ende der Dienstleistung f\u00fcr Sie.<\/p><p><strong>Ein Abonnement abschlie\u00dfen<\/strong><br \/>Sie k\u00f6nnen ein kostenpflichtiges Abonnement bei unserer Firma Spangenberg B.V. abschlie\u00dfen, wobei wir Ihre pers\u00f6nlichen Daten zur Zahlungsabwicklung verwenden. Hierf\u00fcr verwenden wir Ihre:<\/p><ul><li>Kontaktangaben<\/li><li>Rufnummer<\/li><li>Rechnungsadresse<\/li><li>E-Mail Adresse<\/li><li>Einzelheiten zur Zahlung<\/li><\/ul><p>Wir tun dies auf der Grundlage Ihrer Zustimmung. Wir bewahren diese Informationen auf, bis Sie das Abonnement k\u00fcndigen. Bestimmte Kundendaten bewahren wir im Zusammenhang mit der gesetzlichen steuerlichen Aufbewahrungspflicht l\u00e4nger auf.<\/p><p><strong>Kontakt-Formular<\/strong><br \/>\u00dcber das Kontaktformular k\u00f6nnen Sie uns Fragen stellen oder W\u00fcnsche \u00e4u\u00dfern. Wir verwenden Ihre:<\/p><ul><li>Kontaktangaben<\/li><li>Rufnummer<\/li><li>E-Mail Adresse<\/li><\/ul><p>Wir tun dies auf der Grundlage Ihrer Zustimmung. Wir bewahren diese Informationen auf, bis wir sicher sind, dass Sie mit unserer Antwort zufrieden sind.<\/p><p><strong>Statistik und Profilerstellung<\/strong><br \/>Wir f\u00fchren Statistiken \u00fcber die Nutzung unseres Unternehmens, aber dies geschieht stets in anonymisierter Form. Wir verwenden diese Statistiken, um unser Unternehmen zu verbessern, z. B. um nur relevante Informationen anzuzeigen. Wir k\u00f6nnen Ihre pers\u00f6nlichen Daten kombinieren, um mehr \u00fcber Sie herauszufinden. Selbstverst\u00e4ndlich werden wir Ihre Privatsph\u00e4re jederzeit respektieren. Wenn Sie dies nicht w\u00fcnschen, k\u00f6nnen Sie uns dies jederzeit mitteilen. Wir verwenden Ihre:<\/p><ul><li>Kontaktangaben<\/li><li>E-Mail Adresse<\/li><li>IP-Adresse<\/li><\/ul><p>Wir tun dies auf der Grundlage Ihrer Zustimmung. Wir bewahren diese Informationen sechs Wochen lang auf. Wir verwenden Ihre:<\/p><p>Wir speichern diese Informationen.<\/p><p><strong>Werbung<\/strong><br \/>Wir m\u00f6chten Ihnen gerne Werbung \u00fcber Angebote und neue Produkte oder Dienstleistungen schicken. Wir tun dies:<\/p><ul><li>Per E-Mail<\/li><li>\u00dcber soziale Medien<\/li><li>Per Telefon<\/li><\/ul><p>Sie k\u00f6nnen dieser Werbung jederzeit widersprechen. Jede E-Mail enth\u00e4lt einen Link zum Abbestellen. Sie k\u00f6nnen uns blockieren oder die Option zur Abmeldung nutzen. Sie k\u00f6nnen dies angeben, wenn Sie einen Anruf erhalten. Sie k\u00f6nnen dies auch \u00fcber Ihr Konto tun. Sie k\u00f6nnen dies auch \u00fcber das Portal tun.<\/p><p><strong>Offenlegung gegen\u00fcber anderen Unternehmen oder Institutionen<\/strong><br \/>Mit Ausnahme der Parteien, die f\u00fcr die Erbringung der oben genannten Dienstleistungen erforderlich sind, geben wir Ihre personenbezogenen Daten unter keinen Umst\u00e4nden an andere Unternehmen oder Institutionen weiter, es sei denn, wir sind dazu gesetzlich verpflichtet (z. B. wenn die Polizei sie bei Verdacht auf eine Straftat anfordert).<\/p><p><strong>Statistik<\/strong><br \/>Wir f\u00fchren Statistiken \u00fcber die Nutzung unseres Gesch\u00e4fts, aber diese Daten sind immer anonymisiert.<\/p><p>Unser Unternehmen beinhaltet Social Media Buttons. Mit diesen erheben die Betreiber dieser Dienste Ihre personenbezogenen Daten.<\/p><p><strong>Cookies<\/strong><br \/>Unser Unternehmen verwendet Cookies. Cookies sind kleine Dateien, in denen wir Informationen speichern k\u00f6nnen, damit Sie sie nicht st\u00e4ndig neu eingeben m\u00fcssen. Sie erlauben uns aber auch zu sehen, dass Sie uns wieder besuchen.<\/p><p>Sie k\u00f6nnen das Setzen von Cookies \u00fcber Ihren Browser deaktivieren, aber dann werden einige Dinge in unserem Unternehmen nicht mehr richtig funktionieren.<\/p><p>Wir haben Vereinbarungen mit anderen Unternehmen getroffen, die Cookies setzen. Dennoch haben wir keine vollst\u00e4ndige Kontrolle dar\u00fcber, was sie selbst mit den Cookies machen. Bitte lesen Sie daher auch deren Datenschutzerkl\u00e4rungen.<\/p><p><strong>Sicherheit<\/strong><br \/>Der Schutz personenbezogener Daten ist uns sehr wichtig. Wir sorgen daf\u00fcr, dass Ihre Daten bei uns gut gesichert sind. Wir aktualisieren die Sicherheit st\u00e4ndig und achten genau darauf, was schief gehen kann.<\/p><p><strong>\u00c4nderungen an dieser Datenschutzerkl\u00e4rung<\/strong><br \/>Wenn sich unser Unternehmen \u00e4ndert, m\u00fcssen wir nat\u00fcrlich auch die Datenschutzerkl\u00e4rung aktualisieren. Achten Sie also immer auf das oben genannte Datum und schauen Sie regelm\u00e4\u00dfig nach neuen Versionen. Wir werden unser Bestes tun, um Sie \u00fcber \u00c4nderungen zu informieren.<\/p><p><strong>Ihre Rechte<\/strong><br \/>Wenn Sie Fragen haben oder wissen m\u00f6chten, welche personenbezogenen Daten wir \u00fcber Sie gespeichert haben, k\u00f6nnen Sie sich jederzeit an uns wenden. Bitte beachten Sie die nachstehenden Kontaktdaten.<\/p><p>Sie haben die folgenden Rechte:<\/p><ul><li>Lassen Sie sich erkl\u00e4ren, welche personenbezogenen Daten wir haben und was wir damit machen;<\/li><li>Einsicht in die genauen personenbezogenen Daten, die wir speichern;<\/li><li>Fehler werden korrigiert;<\/li><li>L\u00f6schung veralteter personenbezogener Daten;<\/li><li>\u00dcbermittlung personenbezogener Daten an eine andere Partei;<\/li><li>R\u00fccknahme der Zustimmung;<\/li><li>Eine bestimmte Verarbeitung einschr\u00e4nken;<\/li><li>Einspruch gegen eine bestimmte Verwendung.<\/li><\/ul><p>Bitte stellen Sie sicher, dass Sie immer deutlich angeben, wer Sie sind, damit wir sicher sein k\u00f6nnen, dass wir nicht die Daten der falschen Person bearbeiten oder l\u00f6schen.<\/p><p>Wir werden Ihrem Antrag grunds\u00e4tzlich innerhalb eines Monats nachkommen. Diese Frist kann jedoch aus Gr\u00fcnden, die mit den besonderen Rechten der betroffenen Personen oder der Komplexit\u00e4t des Antrags zusammenh\u00e4ngen, verl\u00e4ngert werden. Wenn wir diese Frist verl\u00e4ngern, werden wir Sie rechtzeitig informieren.<\/p><p><strong>Einreichung einer Beschwerde<\/strong><br \/>Wenn Sie sich \u00fcber die Verwendung Ihrer personenbezogenen Daten beschweren m\u00f6chten, senden Sie bitte eine E-Mail an info@spangenberggroep.nl. Wir werden uns intern mit jeder Beschwerde befassen und Ihnen weitere Informationen zukommen lassen.<\/p><p>Wenn Sie das Gef\u00fchl haben, dass wir Ihnen nicht richtig helfen, haben Sie das Recht, eine Beschwerde bei der Aufsichtsbeh\u00f6rde einzureichen. Dies ist die Beh\u00f6rde f\u00fcr personenbezogene Daten.<\/p><p><strong>Kontaktangaben<\/strong><br \/>Spangenberg B.V.<br \/>Randwycksingel 20C 03<br \/>6229 EE Maastricht<br \/>E-Mail-Adresse: info@spangenberggroep.nl<br \/>Telefon: 085 888 4661<\/p><p>Nummer der Handelskammer: 14069099<\/p><\/div><\/div>\t\t\t\t\t\t\t\t<\/div>\n\t\t\t\t\t<\/div>\n\t\t\t\t<\/div>\n\t\t\t\t<\/div>","protected":false},"excerpt":{"rendered":"<p>Spangenberggroep Privacy Verklaring Vragen of meer informatie? BEL ONS! Privacy- en cookieverklaring Spangenberg B.V. Jouw privacy is voor Spangenberg B.V. van groot belang. Wij houden ons dan ook aan de relevante wet- en regelgeving over privacy, waaronder de Algemene Verordening Gegevensbescherming (verder: AVG). Dit betekent dat wij: Onze doeleinden duidelijk vastleggen,\u00a0voordat wij jouw persoonlijke gegevens [&hellip;]<\/p>\n","protected":false},"author":2,"featured_media":0,"parent":0,"menu_order":0,"comment_status":"closed","ping_status":"closed","template":"elementor_header_footer","meta":{"_mo_disable_npp":"","footnotes":""},"class_list":["post-1946","page","type-page","status-publish","hentry"],"_links":{"self":[{"href":"https:\/\/spangenberggroep.nl\/de\/wp-json\/wp\/v2\/pages\/1946","targetHints":{"allow":["GET"]}}],"collection":[{"href":"https:\/\/spangenberggroep.nl\/de\/wp-json\/wp\/v2\/pages"}],"about":[{"href":"https:\/\/spangenberggroep.nl\/de\/wp-json\/wp\/v2\/types\/page"}],"author":[{"embeddable":true,"href":"https:\/\/spangenberggroep.nl\/de\/wp-json\/wp\/v2\/users\/2"}],"replies":[{"embeddable":true,"href":"https:\/\/spangenberggroep.nl\/de\/wp-json\/wp\/v2\/comments?post=1946"}],"version-history":[{"count":5,"href":"https:\/\/spangenberggroep.nl\/de\/wp-json\/wp\/v2\/pages\/1946\/revisions"}],"predecessor-version":[{"id":2037,"href":"https:\/\/spangenberggroep.nl\/de\/wp-json\/wp\/v2\/pages\/1946\/revisions\/2037"}],"wp:attachment":[{"href":"https:\/\/spangenberggroep.nl\/de\/wp-json\/wp\/v2\/media?parent=1946"}],"curies":[{"name":"wp","href":"https:\/\/api.w.org\/{rel}","templated":true}]}}