{"id":1946,"date":"2023-11-08T10:23:55","date_gmt":"2023-11-08T09:23:55","guid":{"rendered":"https:\/\/spangenberg.043test.nl\/?page_id=1946"},"modified":"2023-11-13T09:49:26","modified_gmt":"2023-11-13T08:49:26","slug":"declaration-de-confidentialite","status":"publish","type":"page","link":"https:\/\/spangenberggroep.nl\/fr\/privacy-verklaring\/","title":{"rendered":"D\u00c9CLARATION DE CONFIDENTIALIT\u00c9"},"content":{"rendered":"<div data-elementor-type=\"wp-page\" data-elementor-id=\"1946\" class=\"elementor elementor-1946\" data-elementor-post-type=\"page\">\n\t\t\t\t<div class=\"elementor-element elementor-element-76e7616 e-flex e-con-boxed e-con e-parent\" data-id=\"76e7616\" data-element_type=\"container\" data-e-type=\"container\" data-settings=\"{&quot;background_background&quot;:&quot;classic&quot;,&quot;shape_divider_bottom&quot;:&quot;split&quot;,&quot;jet_parallax_layout_list&quot;:[]}\">\n\t\t\t\t\t<div class=\"e-con-inner\">\n\t\t\t\t<div class=\"elementor-shape elementor-shape-bottom\" aria-hidden=\"true\" data-negative=\"false\">\n\t\t\t<svg xmlns=\"http:\/\/www.w3.org\/2000\/svg\" viewbox=\"0 0 1000 20\" preserveaspectratio=\"none\">\n\t<path class=\"elementor-shape-fill\" d=\"M0,0v3c0,0,393.8,0,483.4,0c9.2,0,16.6,7.4,16.6,16.6c0-9.1,7.4-16.6,16.6-16.6C606.2,3,1000,3,1000,3V0H0z\"\/>\n<\/svg>\t\t<\/div>\n\t\t<div class=\"elementor-element elementor-element-f188db2 e-con-full e-flex e-con e-child\" data-id=\"f188db2\" data-element_type=\"container\" data-e-type=\"container\" data-settings=\"{&quot;jet_parallax_layout_list&quot;:[]}\">\n\t\t\t\t<div class=\"elementor-element elementor-element-e76a2ec elementor-widget__width-auto elementor-absolute elementor-hidden-phone e-transform elementor-widget-divider--separator-type-pattern elementor-widget-divider--no-spacing elementor-widget-divider--view-line elementor-widget elementor-widget-divider\" data-id=\"e76a2ec\" data-element_type=\"widget\" data-e-type=\"widget\" data-settings=\"{&quot;_position&quot;:&quot;absolute&quot;,&quot;_transform_translateX_effect&quot;:{&quot;unit&quot;:&quot;px&quot;,&quot;size&quot;:120,&quot;sizes&quot;:[]},&quot;_transform_translateY_effect&quot;:{&quot;unit&quot;:&quot;px&quot;,&quot;size&quot;:30,&quot;sizes&quot;:[]},&quot;_transform_translateX_effect_tablet&quot;:{&quot;unit&quot;:&quot;px&quot;,&quot;size&quot;:&quot;&quot;,&quot;sizes&quot;:[]},&quot;_transform_translateX_effect_mobile&quot;:{&quot;unit&quot;:&quot;px&quot;,&quot;size&quot;:&quot;&quot;,&quot;sizes&quot;:[]},&quot;_transform_translateY_effect_tablet&quot;:{&quot;unit&quot;:&quot;px&quot;,&quot;size&quot;:&quot;&quot;,&quot;sizes&quot;:[]},&quot;_transform_translateY_effect_mobile&quot;:{&quot;unit&quot;:&quot;px&quot;,&quot;size&quot;:&quot;&quot;,&quot;sizes&quot;:[]}}\" data-widget_type=\"divider.default\">\n\t\t\t\t\t\t\t<div class=\"elementor-divider\" style=\"--divider-pattern-url: url(&quot;data:image\/svg+xml,%3Csvg xmlns=&#039;http:\/\/www.w3.org\/2000\/svg&#039; preserveAspectRatio=&#039;xMidYMid meet&#039; overflow=&#039;visible&#039; height=&#039;100%&#039; viewBox=&#039;0 0 120 26&#039; fill=&#039;black&#039; stroke=&#039;none&#039;%3E%3Cpolygon points=&#039;0,14.4 0,21 11.5,12.4 21.3,20 30.4,11.1 40.3,20 51,12.4 60.6,20 69.6,11.1 79.3,20 90.1,12.4 99.6,20 109.7,11.1 120,21 120,14.4 109.7,5 99.6,13 90.1,5 79.3,14.5 71,5.7 60.6,12.4 51,5 40.3,14.5 31.1,5 21.3,13 11.5,5 \t&#039;\/%3E%3C\/svg%3E&quot;);\">\n\t\t\t<span class=\"elementor-divider-separator\">\n\t\t\t\t\t\t<\/span>\n\t\t<\/div>\n\t\t\t\t\t\t<\/div>\n\t\t\t\t<div class=\"elementor-element elementor-element-005e4c2 elementor-widget__width-initial elementor-absolute e-transform elementor-widget elementor-widget-spacer\" data-id=\"005e4c2\" data-element_type=\"widget\" data-e-type=\"widget\" data-settings=\"{&quot;_position&quot;:&quot;absolute&quot;,&quot;_transform_translateX_effect&quot;:{&quot;unit&quot;:&quot;px&quot;,&quot;size&quot;:0,&quot;sizes&quot;:[]},&quot;_transform_translateY_effect&quot;:{&quot;unit&quot;:&quot;px&quot;,&quot;size&quot;:-30,&quot;sizes&quot;:[]},&quot;_transform_translateX_effect_tablet&quot;:{&quot;unit&quot;:&quot;px&quot;,&quot;size&quot;:&quot;&quot;,&quot;sizes&quot;:[]},&quot;_transform_translateX_effect_mobile&quot;:{&quot;unit&quot;:&quot;px&quot;,&quot;size&quot;:&quot;&quot;,&quot;sizes&quot;:[]},&quot;_transform_translateY_effect_tablet&quot;:{&quot;unit&quot;:&quot;px&quot;,&quot;size&quot;:&quot;&quot;,&quot;sizes&quot;:[]},&quot;_transform_translateY_effect_mobile&quot;:{&quot;unit&quot;:&quot;px&quot;,&quot;size&quot;:&quot;&quot;,&quot;sizes&quot;:[]}}\" data-widget_type=\"spacer.default\">\n\t\t\t\t\t\t\t<div class=\"elementor-spacer\">\n\t\t\t<div class=\"elementor-spacer-inner\"><\/div>\n\t\t<\/div>\n\t\t\t\t\t\t<\/div>\n\t\t\t\t<div class=\"elementor-element elementor-element-b40760a elementor-invisible elementor-widget elementor-widget-heading\" data-id=\"b40760a\" data-element_type=\"widget\" data-e-type=\"widget\" data-settings=\"{&quot;_animation&quot;:&quot;fadeInUp&quot;}\" data-widget_type=\"heading.default\">\n\t\t\t\t\t<h1 class=\"elementor-heading-title elementor-size-default\">Groupe Spangenberg<\/h1>\t\t\t\t<\/div>\n\t\t\t\t<div class=\"elementor-element elementor-element-0716fb6 elementor-invisible elementor-widget elementor-widget-heading\" data-id=\"0716fb6\" data-element_type=\"widget\" data-e-type=\"widget\" data-settings=\"{&quot;_animation&quot;:&quot;fadeInUp&quot;}\" data-widget_type=\"heading.default\">\n\t\t\t\t\t<h1 class=\"elementor-heading-title elementor-size-default\">D\u00e9claration de confidentialit\u00e9<\/h1>\t\t\t\t<\/div>\n\t\t\t\t<\/div>\n\t\t<div class=\"elementor-element elementor-element-04a2736 e-con-full elementor-hidden-mobile e-flex e-con e-child\" data-id=\"04a2736\" data-element_type=\"container\" data-e-type=\"container\" data-settings=\"{&quot;jet_parallax_layout_list&quot;:[]}\">\n\t\t\t\t<div class=\"elementor-element elementor-element-ebc94fd elementor-widget__width-initial elementor-absolute e-transform elementor-widget elementor-widget-spacer\" data-id=\"ebc94fd\" data-element_type=\"widget\" data-e-type=\"widget\" data-settings=\"{&quot;_position&quot;:&quot;absolute&quot;,&quot;_transform_translateX_effect&quot;:{&quot;unit&quot;:&quot;px&quot;,&quot;size&quot;:185,&quot;sizes&quot;:[]},&quot;_transform_translateX_effect_tablet&quot;:{&quot;unit&quot;:&quot;px&quot;,&quot;size&quot;:&quot;&quot;,&quot;sizes&quot;:[]},&quot;_transform_translateX_effect_mobile&quot;:{&quot;unit&quot;:&quot;px&quot;,&quot;size&quot;:&quot;&quot;,&quot;sizes&quot;:[]},&quot;_transform_translateY_effect&quot;:{&quot;unit&quot;:&quot;px&quot;,&quot;size&quot;:&quot;&quot;,&quot;sizes&quot;:[]},&quot;_transform_translateY_effect_tablet&quot;:{&quot;unit&quot;:&quot;px&quot;,&quot;size&quot;:&quot;&quot;,&quot;sizes&quot;:[]},&quot;_transform_translateY_effect_mobile&quot;:{&quot;unit&quot;:&quot;px&quot;,&quot;size&quot;:&quot;&quot;,&quot;sizes&quot;:[]}}\" data-widget_type=\"spacer.default\">\n\t\t\t\t\t\t\t<div class=\"elementor-spacer\">\n\t\t\t<div class=\"elementor-spacer-inner\"><\/div>\n\t\t<\/div>\n\t\t\t\t\t\t<\/div>\n\t\t\t\t<div class=\"elementor-element elementor-element-010f19d elementor-widget__width-initial elementor-absolute e-transform elementor-widget elementor-widget-spacer\" data-id=\"010f19d\" data-element_type=\"widget\" data-e-type=\"widget\" data-settings=\"{&quot;_position&quot;:&quot;absolute&quot;,&quot;_transform_translateX_effect&quot;:{&quot;unit&quot;:&quot;px&quot;,&quot;size&quot;:0,&quot;sizes&quot;:[]},&quot;_transform_translateY_effect&quot;:{&quot;unit&quot;:&quot;px&quot;,&quot;size&quot;:140,&quot;sizes&quot;:[]},&quot;_transform_translateX_effect_tablet&quot;:{&quot;unit&quot;:&quot;px&quot;,&quot;size&quot;:&quot;&quot;,&quot;sizes&quot;:[]},&quot;_transform_translateX_effect_mobile&quot;:{&quot;unit&quot;:&quot;px&quot;,&quot;size&quot;:&quot;&quot;,&quot;sizes&quot;:[]},&quot;_transform_translateY_effect_tablet&quot;:{&quot;unit&quot;:&quot;px&quot;,&quot;size&quot;:&quot;&quot;,&quot;sizes&quot;:[]},&quot;_transform_translateY_effect_mobile&quot;:{&quot;unit&quot;:&quot;px&quot;,&quot;size&quot;:&quot;&quot;,&quot;sizes&quot;:[]}}\" data-widget_type=\"spacer.default\">\n\t\t\t\t\t\t\t<div class=\"elementor-spacer\">\n\t\t\t<div class=\"elementor-spacer-inner\"><\/div>\n\t\t<\/div>\n\t\t\t\t\t\t<\/div>\n\t\t\t\t<div class=\"elementor-element elementor-element-5ba70f6 elementor-position-inline-end elementor-view-stacked elementor-mobile-position-inline-start elementor-widget__width-auto elementor-widget-tablet__width-auto elementor-widget-mobile__width-auto elementor-shape-circle elementor-widget elementor-widget-icon-box\" data-id=\"5ba70f6\" data-element_type=\"widget\" data-e-type=\"widget\" data-widget_type=\"icon-box.default\">\n\t\t\t\t\t\t\t<div class=\"elementor-icon-box-wrapper\">\n\n\t\t\t\t\t\t<div class=\"elementor-icon-box-icon\">\n\t\t\t\t<a href=\"tel:+31%20(0)%2085-8884661\" class=\"elementor-icon\" tabindex=\"-1\" aria-label=\"Des questions ou plus d&#039;informations ? APPELEZ-NOUS !\">\n\t\t\t\t<svg aria-hidden=\"true\" class=\"e-font-icon-svg e-fas-headphones-alt\" viewbox=\"0 0 512 512\" xmlns=\"http:\/\/www.w3.org\/2000\/svg\"><path d=\"M160 288h-16c-35.35 0-64 28.7-64 64.12v63.76c0 35.41 28.65 64.12 64 64.12h16c17.67 0 32-14.36 32-32.06V320.06c0-17.71-14.33-32.06-32-32.06zm208 0h-16c-17.67 0-32 14.35-32 32.06v127.88c0 17.7 14.33 32.06 32 32.06h16c35.35 0 64-28.71 64-64.12v-63.76c0-35.41-28.65-64.12-64-64.12zM256 32C112.91 32 4.57 151.13 0 288v112c0 8.84 7.16 16 16 16h16c8.84 0 16-7.16 16-16V288c0-114.67 93.33-207.8 208-207.82 114.67.02 208 93.15 208 207.82v112c0 8.84 7.16 16 16 16h16c8.84 0 16-7.16 16-16V288C507.43 151.13 399.09 32 256 32z\"><\/path><\/svg>\t\t\t\t<\/a>\n\t\t\t<\/div>\n\t\t\t\n\t\t\t\t\t\t<div class=\"elementor-icon-box-content\">\n\n\t\t\t\t\t\t\t\t\t<div class=\"elementor-icon-box-title\">\n\t\t\t\t\t\t<a href=\"tel:+31%20(0)%2085-8884661\" >\n\t\t\t\t\t\t\tDes questions ou plus d'informations ? APPELEZ-NOUS !\t\t\t\t\t\t<\/a>\n\t\t\t\t\t<\/div>\n\t\t\t\t\n\t\t\t\t\t\t\t\t\t<p class=\"elementor-icon-box-description\">\n\t\t\t\t\t\t+31 (0) 85-8884661\t\t\t\t\t<\/p>\n\t\t\t\t\n\t\t\t<\/div>\n\t\t\t\n\t\t<\/div>\n\t\t\t\t\t\t<\/div>\n\t\t\t\t<\/div>\n\t\t\t\t\t<\/div>\n\t\t\t\t<\/div>\n\t\t<div class=\"elementor-element elementor-element-67a13562 e-flex e-con-boxed e-con e-parent\" data-id=\"67a13562\" data-element_type=\"container\" data-e-type=\"container\" data-settings=\"{&quot;jet_parallax_layout_list&quot;:[]}\">\n\t\t\t\t\t<div class=\"e-con-inner\">\n\t\t\t\t<div class=\"elementor-element elementor-element-2a18a6ec elementor-widget elementor-widget-text-editor\" data-id=\"2a18a6ec\" data-element_type=\"widget\" data-e-type=\"widget\" data-widget_type=\"text-editor.default\">\n\t\t\t\t\t\t\t\t\t<div class=\"elementor-element elementor-element-976a9ff elementor-widget elementor-widget-text-editor\" data-id=\"976a9ff\" data-element_type=\"widget\" data-widget_type=\"text-editor.default\"><div class=\"elementor-widget-container\"><h2><span style=\"font-size: 16px;\">D\u00e9claration relative \u00e0 la protection de la vie priv\u00e9e et aux cookies Spangenberg B.V.<\/span><\/h2><\/div><\/div><div class=\"elementor-element elementor-element-3d16db2 elementor-widget elementor-widget-text-editor\" data-id=\"3d16db2\" data-element_type=\"widget\" data-widget_type=\"text-editor.default\"><div class=\"elementor-widget-container\"><p>Spangenberg B.V. accorde une grande importance \u00e0 la protection de votre vie priv\u00e9e. C'est pourquoi nous nous conformons aux lois et r\u00e8glements pertinents en mati\u00e8re de protection de la vie priv\u00e9e, y compris le R\u00e8glement g\u00e9n\u00e9ral sur la protection des donn\u00e9es (ci-apr\u00e8s : RGPD). Cela signifie que nous :<\/p><ul><li><strong>D\u00e9finir clairement nos objectifs,<\/strong>\u00a0avant que nous ne traitions vos donn\u00e9es \u00e0 caract\u00e8re personnel, par le biais du pr\u00e9sent avis de confidentialit\u00e9 ;<\/li><li><strong>Stocker le moins de donn\u00e9es personnelles possible<\/strong>\u00a0et uniquement les donn\u00e9es n\u00e9cessaires \u00e0 la r\u00e9alisation de nos objectifs ;<\/li><li><strong>Demander explicitement la permission<\/strong>\u00a0pour le traitement de vos donn\u00e9es personnelles, si le consentement est requis ;<\/li><li><strong>Prendre les mesures de s\u00e9curit\u00e9 n\u00e9cessaires<\/strong>\u00a0prot\u00e9ger vos donn\u00e9es \u00e0 caract\u00e8re personnel. Nous imposons \u00e9galement ces obligations aux parties qui traitent des donn\u00e9es \u00e0 caract\u00e8re personnel pour nous ;<\/li><li><strong>Respecter ses droits<\/strong>Il s'agit notamment du droit de consulter, de corriger ou de supprimer vos donn\u00e9es personnelles trait\u00e9es avec nous.<\/li><\/ul><p>Vos donn\u00e9es sont en s\u00e9curit\u00e9 chez nous et nous les utiliserons toujours correctement. Dans cette d\u00e9claration de confidentialit\u00e9, nous expliquons ce que nous, la soci\u00e9t\u00e9 Spangenberg B.V., faisons avec les informations que nous apprenons sur vous.<\/p><p>Si vous avez des questions ou si vous voulez savoir exactement ce que nous suivons \u00e0 votre sujet, veuillez contacter Spangenberg B.V.<\/p><p><strong>Votre compte<\/strong><br \/>Certaines parties de notre entreprise exigent que vous vous inscriviez d'abord. Vous devez alors fournir des informations sur vous-m\u00eame et choisir un nom d'utilisateur. Nous utilisons ces informations pour cr\u00e9er un compte auquel vous pouvez vous connecter \u00e0 l'aide de ce nom d'utilisateur et d'un mot de passe de votre choix.<br \/>Pour ce faire, nous utilisons votre :<\/p><ul><li>Coordonn\u00e9es de la personne \u00e0 contacter<\/li><li>Num\u00e9ro de t\u00e9l\u00e9phone<\/li><li>Adresse de facturation<\/li><li>Adresse \u00e9lectronique<\/li><li>Modalit\u00e9s de paiement<\/li><\/ul><p>Nous le faisons sur la base de votre consentement. Nous conservons ces informations jusqu'\u00e0 ce que vous annuliez votre compte. Nous conservons ces informations afin que vous n'ayez pas \u00e0 les remplir \u00e0 plusieurs reprises au sein de l'entreprise et que nous puissions vous contacter plus facilement en cas de besoin. Vous pouvez modifier les informations sur votre compte quand vous le souhaitez.<\/p><p><strong>Traitement des commandes<\/strong><br \/>Lorsque vous passez une commande, nous utilisons vos donn\u00e9es personnelles pour la traiter correctement. Nous pouvons communiquer vos donn\u00e9es personnelles \u00e0 notre service de livraison pour que la commande vous soit livr\u00e9e. Nous recevons \u00e9galement des informations sur votre paiement de la part de votre banque ou de la soci\u00e9t\u00e9 \u00e9mettrice de votre carte de cr\u00e9dit. \u00c0 cette fin, nous utilisons votre :<\/p><ul><li>Coordonn\u00e9es de la personne \u00e0 contacter<\/li><li>Num\u00e9ro de t\u00e9l\u00e9phone<\/li><li>Adresse de facturation<\/li><li>Adresse \u00e9lectronique<\/li><li>Modalit\u00e9s de paiement<\/li><\/ul><p>Nous le faisons sur la base de votre consentement. Nous conservons ces informations jusqu'\u00e0 ce que votre commande soit termin\u00e9e. Nous conservons plus longtemps certaines donn\u00e9es relatives aux clients dans le cadre de l'obligation l\u00e9gale de conservation des donn\u00e9es fiscales.<\/p><p><strong>Envoi de lettres d'information<\/strong><br \/>Nous avons une lettre d'information et vous serez automatiquement ajout\u00e9 \u00e0 la liste des abonn\u00e9s. Dans la lettre d'information, vous lirez des nouvelles, des conseils et des informations sur nos produits et services. Nous utilisons votre :<\/p><ul><li>Coordonn\u00e9es de la personne \u00e0 contacter<\/li><li>Num\u00e9ro de t\u00e9l\u00e9phone<\/li><li>Adresse de facturation<\/li><li>Adresse \u00e9lectronique<\/li><\/ul><p>Nous le faisons sur la base de votre consentement. Nous conservons ces informations jusqu'\u00e0 ce que vous annuliez votre abonnement.<\/p><p>La lettre d'information est envoy\u00e9e par courrier tous les mois. Le contenu de la lettre d'information comprend les \u00e9l\u00e9ments suivants :<\/p><p>Vous pouvez vous d\u00e9sabonner de la lettre d'information \u00e0 tout moment. Chaque lettre d'information contient un lien de d\u00e9sinscription.<\/p><p><strong>Acc\u00e8s au portail<\/strong><br \/>Notre portail vous donne acc\u00e8s \u00e0 un environnement de gestion dans lequel vous pouvez configurer, sp\u00e9cifier et modifier vous-m\u00eame des \u00e9l\u00e9ments de l'entreprise. Nous gardons une trace de ce que vous avez fait et quand, de sorte qu'il y a une preuve de ce que vous avez fait. Nous utilisons votre :<\/p><ul><li>Coordonn\u00e9es de la personne \u00e0 contacter<\/li><li>Num\u00e9ro de t\u00e9l\u00e9phone<\/li><li>Adresse de facturation<\/li><li>Adresse \u00e9lectronique<\/li><li>Modalit\u00e9s de paiement<\/li><\/ul><p>Nous le faisons sur la base de votre consentement. Nous conservons ces informations jusqu'\u00e0 la fin du service que nous vous offrons.<\/p><p><strong>Souscrire un abonnement<\/strong><br \/>Vous pouvez souscrire un abonnement payant aupr\u00e8s de notre soci\u00e9t\u00e9 Spangenberg B.V., o\u00f9 nous utilisons vos donn\u00e9es personnelles pour g\u00e9rer le paiement. Pour ce faire, nous utilisons vos :<\/p><ul><li>Coordonn\u00e9es de la personne \u00e0 contacter<\/li><li>Num\u00e9ro de t\u00e9l\u00e9phone<\/li><li>Adresse de facturation<\/li><li>Adresse \u00e9lectronique<\/li><li>Modalit\u00e9s de paiement<\/li><\/ul><p>Nous le faisons sur la base de votre consentement. Nous conservons ces informations jusqu'\u00e0 ce que vous annuliez votre abonnement. Nous conservons certaines donn\u00e9es clients plus longtemps dans le cadre de l'obligation l\u00e9gale de conservation des donn\u00e9es fiscales.<\/p><p><strong>Formulaire de contact<\/strong><br \/>Le formulaire de contact vous permet de nous poser des questions ou de formuler des demandes. Nous utilisons vos :<\/p><ul><li>Coordonn\u00e9es de la personne \u00e0 contacter<\/li><li>Num\u00e9ro de t\u00e9l\u00e9phone<\/li><li>Adresse \u00e9lectronique<\/li><\/ul><p>Nous le faisons sur la base de votre consentement. Nous conservons ces informations jusqu'\u00e0 ce que nous soyons s\u00fbrs que vous \u00eates satisfait de notre r\u00e9ponse.<\/p><p><strong>Statistiques et profilage<\/strong><br \/>Nous conservons des statistiques sur l'utilisation de notre entreprise, mais cela se fait toujours de mani\u00e8re anonyme. Nous utilisons ces statistiques pour am\u00e9liorer notre entreprise afin de n'afficher que des informations pertinentes, par exemple. Nous pouvons combiner vos donn\u00e9es personnelles pour en savoir plus sur vous. Il va de soi que nous respectons votre vie priv\u00e9e \u00e0 tout moment. Si vous ne le souhaitez pas, vous pouvez toujours nous en informer. Nous utiliserons vos :<\/p><ul><li>Coordonn\u00e9es de la personne \u00e0 contacter<\/li><li>Adresse \u00e9lectronique<\/li><li>Adresse IP<\/li><\/ul><p>Nous le faisons sur la base de votre consentement. Nous conservons ces informations pendant six semaines. Nous utilisons vos :<\/p><p>Nous conservons ces informations,.<\/p><p><strong>Publicit\u00e9<\/strong><br \/>Nous souhaitons vous envoyer de la publicit\u00e9 sur nos offres et nos nouveaux produits ou services. C'est ce que nous faisons :<\/p><ul><li>Par courrier \u00e9lectronique<\/li><li>Via les m\u00e9dias sociaux<\/li><li>Par t\u00e9l\u00e9phone<\/li><\/ul><p>Vous pouvez vous opposer \u00e0 cette publicit\u00e9 \u00e0 tout moment. Chaque e-mail contient un lien de d\u00e9sinscription. Vous pouvez nous bloquer ou utiliser l'option de d\u00e9sinscription. Vous pouvez l'indiquer lorsque vous recevez un appel. Vous pouvez \u00e9galement le faire via votre compte. Vous pouvez \u00e9galement le faire via le portail.<\/p><p><strong>Divulgation \u00e0 d'autres entreprises ou institutions<\/strong><br \/>\u00c0 l'exception des parties n\u00e9cessaires pour fournir les services mentionn\u00e9s ci-dessus, nous ne transmettons en aucun cas vos donn\u00e9es personnelles \u00e0 d'autres entreprises ou institutions, sauf si nous y sommes contraints par la loi (par exemple, si la police l'exige en cas de suspicion de crime).<\/p><p><strong>Statistiques<\/strong><br \/>Nous conservons des statistiques sur l'utilisation de nos services, mais ces donn\u00e9es sont toujours anonymes.<\/p><p>Notre entreprise inclut des boutons de m\u00e9dias sociaux. Ces boutons permettent aux op\u00e9rateurs de ces services de collecter vos donn\u00e9es personnelles.<\/p><p><strong>Cookies<\/strong><br \/>Notre soci\u00e9t\u00e9 utilise des cookies. Les cookies sont de petits fichiers dans lesquels nous pouvons stocker des informations afin que vous n'ayez pas \u00e0 les saisir en permanence. Ils nous permettent \u00e9galement de savoir si vous revenez nous voir.<\/p><p>Vous pouvez d\u00e9sactiver l'installation de cookies via votre navigateur, mais certains \u00e9l\u00e9ments de notre entreprise ne fonctionneront alors plus correctement.<\/p><p>Nous avons conclu des accords avec d'autres entreprises qui placent des cookies. N\u00e9anmoins, nous n'avons pas un contr\u00f4le total sur ce qu'elles font elles-m\u00eames avec les cookies. Nous vous invitons donc \u00e0 lire leurs d\u00e9clarations de confidentialit\u00e9.<\/p><p><strong>S\u00e9curit\u00e9<\/strong><br \/>La s\u00e9curit\u00e9 des donn\u00e9es personnelles est tr\u00e8s importante pour nous. Nous veillons \u00e0 ce que vos donn\u00e9es soient correctement s\u00e9curis\u00e9es chez nous. Nous mettons constamment \u00e0 jour la s\u00e9curit\u00e9 et sommes tr\u00e8s attentifs \u00e0 ce qui peut mal tourner.<\/p><p><strong>Modifications de la pr\u00e9sente d\u00e9claration de confidentialit\u00e9<\/strong><br \/>Lorsque notre entreprise change, nous devons naturellement mettre \u00e0 jour la d\u00e9claration de confidentialit\u00e9. Notez donc toujours la date ci-dessus et v\u00e9rifiez r\u00e9guli\u00e8rement si de nouvelles versions sont disponibles. Nous ferons de notre mieux pour vous communiquer les changements.<\/p><p><strong>Vos droits<\/strong><br \/>Si vous avez des questions ou si vous voulez savoir quelles donn\u00e9es personnelles nous d\u00e9tenons \u00e0 votre sujet, vous pouvez toujours nous contacter. Veuillez consulter les coordonn\u00e9es ci-dessous.<\/p><p>Vous avez les droits suivants :<\/p><ul><li>Obtenir une explication sur les donn\u00e9es personnelles que nous poss\u00e9dons et sur ce que nous en faisons ;<\/li><li>Un aper\u00e7u des donn\u00e9es personnelles exactes que nous d\u00e9tenons ;<\/li><li>Corriger les erreurs ;<\/li><li>Faire effacer les donn\u00e9es personnelles p\u00e9rim\u00e9es ;<\/li><li>le transfert de donn\u00e9es \u00e0 caract\u00e8re personnel \u00e0 une autre partie ;<\/li><li>Retrait du consentement ;<\/li><li>Limiter un traitement particulier ;<\/li><li>S'opposer \u00e0 une utilisation particuli\u00e8re.<\/li><\/ul><p>Veillez \u00e0 toujours indiquer clairement qui vous \u00eates, afin que nous puissions \u00eatre s\u00fbrs de ne pas modifier ou supprimer les donn\u00e9es de la mauvaise personne.<\/p><p>En principe, nous r\u00e9pondrons \u00e0 votre demande dans un d\u00e9lai d'un mois. Toutefois, ce d\u00e9lai peut \u00eatre prolong\u00e9 pour des raisons li\u00e9es aux droits sp\u00e9cifiques des personnes concern\u00e9es ou \u00e0 la complexit\u00e9 de la demande. Si nous prolongeons ce d\u00e9lai, nous vous en informerons en temps utile.<\/p><p><strong>D\u00e9poser une plainte<\/strong><br \/>Si vous souhaitez d\u00e9poser une plainte concernant l'utilisation de vos donn\u00e9es personnelles, veuillez envoyer un courriel \u00e0 info@spangenberggroep.nl. Nous traiterons toute plainte en interne et vous en informerons.<\/p><p>Si vous estimez que nous ne vous aidons pas correctement, vous avez le droit de d\u00e9poser une plainte aupr\u00e8s de l'autorit\u00e9 de r\u00e9gulation. Il s'agit de l'Autorit\u00e9 des donn\u00e9es personnelles.<\/p><p><strong>Coordonn\u00e9es de la personne \u00e0 contacter<\/strong><br \/>Spangenberg B.V.<br \/>Randwycksingel 20C 03<br \/>6229 EE Maastricht<br \/>Adresse \u00e9lectronique : info@spangenberggroep.nl<br \/>T\u00e9l\u00e9phone : 085 888 4661<\/p><p>Num\u00e9ro de la chambre de commerce : 14069099<\/p><\/div><\/div>\t\t\t\t\t\t\t\t<\/div>\n\t\t\t\t\t<\/div>\n\t\t\t\t<\/div>\n\t\t\t\t<\/div>","protected":false},"excerpt":{"rendered":"<p>Spangenberggroep Privacy Verklaring Vragen of meer informatie? BEL ONS! Privacy- en cookieverklaring Spangenberg B.V. Jouw privacy is voor Spangenberg B.V. van groot belang. Wij houden ons dan ook aan de relevante wet- en regelgeving over privacy, waaronder de Algemene Verordening Gegevensbescherming (verder: AVG). Dit betekent dat wij: Onze doeleinden duidelijk vastleggen,\u00a0voordat wij jouw persoonlijke gegevens [&hellip;]<\/p>\n","protected":false},"author":2,"featured_media":0,"parent":0,"menu_order":0,"comment_status":"closed","ping_status":"closed","template":"elementor_header_footer","meta":{"_mo_disable_npp":"","footnotes":""},"class_list":["post-1946","page","type-page","status-publish","hentry"],"_links":{"self":[{"href":"https:\/\/spangenberggroep.nl\/fr\/wp-json\/wp\/v2\/pages\/1946","targetHints":{"allow":["GET"]}}],"collection":[{"href":"https:\/\/spangenberggroep.nl\/fr\/wp-json\/wp\/v2\/pages"}],"about":[{"href":"https:\/\/spangenberggroep.nl\/fr\/wp-json\/wp\/v2\/types\/page"}],"author":[{"embeddable":true,"href":"https:\/\/spangenberggroep.nl\/fr\/wp-json\/wp\/v2\/users\/2"}],"replies":[{"embeddable":true,"href":"https:\/\/spangenberggroep.nl\/fr\/wp-json\/wp\/v2\/comments?post=1946"}],"version-history":[{"count":5,"href":"https:\/\/spangenberggroep.nl\/fr\/wp-json\/wp\/v2\/pages\/1946\/revisions"}],"predecessor-version":[{"id":2037,"href":"https:\/\/spangenberggroep.nl\/fr\/wp-json\/wp\/v2\/pages\/1946\/revisions\/2037"}],"wp:attachment":[{"href":"https:\/\/spangenberggroep.nl\/fr\/wp-json\/wp\/v2\/media?parent=1946"}],"curies":[{"name":"wp","href":"https:\/\/api.w.org\/{rel}","templated":true}]}}