{"id":1946,"date":"2023-11-08T10:23:55","date_gmt":"2023-11-08T09:23:55","guid":{"rendered":"https:\/\/spangenberg.043test.nl\/?page_id=1946"},"modified":"2023-11-13T09:49:26","modified_gmt":"2023-11-13T08:49:26","slug":"dichiarazione-sulla-privacy","status":"publish","type":"page","link":"https:\/\/spangenberggroep.nl\/it\/privacy-verklaring\/","title":{"rendered":"DICHIARAZIONE SULLA PRIVACY"},"content":{"rendered":"<div data-elementor-type=\"wp-page\" data-elementor-id=\"1946\" class=\"elementor elementor-1946\" data-elementor-post-type=\"page\">\n\t\t\t\t<div class=\"elementor-element elementor-element-76e7616 e-flex e-con-boxed e-con e-parent\" data-id=\"76e7616\" data-element_type=\"container\" data-e-type=\"container\" data-settings=\"{&quot;background_background&quot;:&quot;classic&quot;,&quot;shape_divider_bottom&quot;:&quot;split&quot;,&quot;jet_parallax_layout_list&quot;:[]}\">\n\t\t\t\t\t<div class=\"e-con-inner\">\n\t\t\t\t<div class=\"elementor-shape elementor-shape-bottom\" aria-hidden=\"true\" data-negative=\"false\">\n\t\t\t<svg xmlns=\"http:\/\/www.w3.org\/2000\/svg\" viewbox=\"0 0 1000 20\" preserveaspectratio=\"none\">\n\t<path class=\"elementor-shape-fill\" d=\"M0,0v3c0,0,393.8,0,483.4,0c9.2,0,16.6,7.4,16.6,16.6c0-9.1,7.4-16.6,16.6-16.6C606.2,3,1000,3,1000,3V0H0z\"\/>\n<\/svg>\t\t<\/div>\n\t\t<div class=\"elementor-element elementor-element-f188db2 e-con-full e-flex e-con e-child\" data-id=\"f188db2\" data-element_type=\"container\" data-e-type=\"container\" data-settings=\"{&quot;jet_parallax_layout_list&quot;:[]}\">\n\t\t\t\t<div class=\"elementor-element elementor-element-e76a2ec elementor-widget__width-auto elementor-absolute elementor-hidden-phone e-transform elementor-widget-divider--separator-type-pattern elementor-widget-divider--no-spacing elementor-widget-divider--view-line elementor-widget elementor-widget-divider\" data-id=\"e76a2ec\" data-element_type=\"widget\" data-e-type=\"widget\" data-settings=\"{&quot;_position&quot;:&quot;absolute&quot;,&quot;_transform_translateX_effect&quot;:{&quot;unit&quot;:&quot;px&quot;,&quot;size&quot;:120,&quot;sizes&quot;:[]},&quot;_transform_translateY_effect&quot;:{&quot;unit&quot;:&quot;px&quot;,&quot;size&quot;:30,&quot;sizes&quot;:[]},&quot;_transform_translateX_effect_tablet&quot;:{&quot;unit&quot;:&quot;px&quot;,&quot;size&quot;:&quot;&quot;,&quot;sizes&quot;:[]},&quot;_transform_translateX_effect_mobile&quot;:{&quot;unit&quot;:&quot;px&quot;,&quot;size&quot;:&quot;&quot;,&quot;sizes&quot;:[]},&quot;_transform_translateY_effect_tablet&quot;:{&quot;unit&quot;:&quot;px&quot;,&quot;size&quot;:&quot;&quot;,&quot;sizes&quot;:[]},&quot;_transform_translateY_effect_mobile&quot;:{&quot;unit&quot;:&quot;px&quot;,&quot;size&quot;:&quot;&quot;,&quot;sizes&quot;:[]}}\" data-widget_type=\"divider.default\">\n\t\t\t\t\t\t\t<div class=\"elementor-divider\" style=\"--divider-pattern-url: url(&quot;data:image\/svg+xml,%3Csvg xmlns=&#039;http:\/\/www.w3.org\/2000\/svg&#039; preserveAspectRatio=&#039;xMidYMid meet&#039; overflow=&#039;visible&#039; height=&#039;100%&#039; viewBox=&#039;0 0 120 26&#039; fill=&#039;black&#039; stroke=&#039;none&#039;%3E%3Cpolygon points=&#039;0,14.4 0,21 11.5,12.4 21.3,20 30.4,11.1 40.3,20 51,12.4 60.6,20 69.6,11.1 79.3,20 90.1,12.4 99.6,20 109.7,11.1 120,21 120,14.4 109.7,5 99.6,13 90.1,5 79.3,14.5 71,5.7 60.6,12.4 51,5 40.3,14.5 31.1,5 21.3,13 11.5,5 \t&#039;\/%3E%3C\/svg%3E&quot;);\">\n\t\t\t<span class=\"elementor-divider-separator\">\n\t\t\t\t\t\t<\/span>\n\t\t<\/div>\n\t\t\t\t\t\t<\/div>\n\t\t\t\t<div class=\"elementor-element elementor-element-005e4c2 elementor-widget__width-initial elementor-absolute e-transform elementor-widget elementor-widget-spacer\" data-id=\"005e4c2\" data-element_type=\"widget\" data-e-type=\"widget\" data-settings=\"{&quot;_position&quot;:&quot;absolute&quot;,&quot;_transform_translateX_effect&quot;:{&quot;unit&quot;:&quot;px&quot;,&quot;size&quot;:0,&quot;sizes&quot;:[]},&quot;_transform_translateY_effect&quot;:{&quot;unit&quot;:&quot;px&quot;,&quot;size&quot;:-30,&quot;sizes&quot;:[]},&quot;_transform_translateX_effect_tablet&quot;:{&quot;unit&quot;:&quot;px&quot;,&quot;size&quot;:&quot;&quot;,&quot;sizes&quot;:[]},&quot;_transform_translateX_effect_mobile&quot;:{&quot;unit&quot;:&quot;px&quot;,&quot;size&quot;:&quot;&quot;,&quot;sizes&quot;:[]},&quot;_transform_translateY_effect_tablet&quot;:{&quot;unit&quot;:&quot;px&quot;,&quot;size&quot;:&quot;&quot;,&quot;sizes&quot;:[]},&quot;_transform_translateY_effect_mobile&quot;:{&quot;unit&quot;:&quot;px&quot;,&quot;size&quot;:&quot;&quot;,&quot;sizes&quot;:[]}}\" data-widget_type=\"spacer.default\">\n\t\t\t\t\t\t\t<div class=\"elementor-spacer\">\n\t\t\t<div class=\"elementor-spacer-inner\"><\/div>\n\t\t<\/div>\n\t\t\t\t\t\t<\/div>\n\t\t\t\t<div class=\"elementor-element elementor-element-b40760a elementor-invisible elementor-widget elementor-widget-heading\" data-id=\"b40760a\" data-element_type=\"widget\" data-e-type=\"widget\" data-settings=\"{&quot;_animation&quot;:&quot;fadeInUp&quot;}\" data-widget_type=\"heading.default\">\n\t\t\t\t\t<h1 class=\"elementor-heading-title elementor-size-default\">Gruppo Spangenberg<\/h1>\t\t\t\t<\/div>\n\t\t\t\t<div class=\"elementor-element elementor-element-0716fb6 elementor-invisible elementor-widget elementor-widget-heading\" data-id=\"0716fb6\" data-element_type=\"widget\" data-e-type=\"widget\" data-settings=\"{&quot;_animation&quot;:&quot;fadeInUp&quot;}\" data-widget_type=\"heading.default\">\n\t\t\t\t\t<h1 class=\"elementor-heading-title elementor-size-default\">Dichiarazione sulla privacy<\/h1>\t\t\t\t<\/div>\n\t\t\t\t<\/div>\n\t\t<div class=\"elementor-element elementor-element-04a2736 e-con-full elementor-hidden-mobile e-flex e-con e-child\" data-id=\"04a2736\" data-element_type=\"container\" data-e-type=\"container\" data-settings=\"{&quot;jet_parallax_layout_list&quot;:[]}\">\n\t\t\t\t<div class=\"elementor-element elementor-element-ebc94fd elementor-widget__width-initial elementor-absolute e-transform elementor-widget elementor-widget-spacer\" data-id=\"ebc94fd\" data-element_type=\"widget\" data-e-type=\"widget\" data-settings=\"{&quot;_position&quot;:&quot;absolute&quot;,&quot;_transform_translateX_effect&quot;:{&quot;unit&quot;:&quot;px&quot;,&quot;size&quot;:185,&quot;sizes&quot;:[]},&quot;_transform_translateX_effect_tablet&quot;:{&quot;unit&quot;:&quot;px&quot;,&quot;size&quot;:&quot;&quot;,&quot;sizes&quot;:[]},&quot;_transform_translateX_effect_mobile&quot;:{&quot;unit&quot;:&quot;px&quot;,&quot;size&quot;:&quot;&quot;,&quot;sizes&quot;:[]},&quot;_transform_translateY_effect&quot;:{&quot;unit&quot;:&quot;px&quot;,&quot;size&quot;:&quot;&quot;,&quot;sizes&quot;:[]},&quot;_transform_translateY_effect_tablet&quot;:{&quot;unit&quot;:&quot;px&quot;,&quot;size&quot;:&quot;&quot;,&quot;sizes&quot;:[]},&quot;_transform_translateY_effect_mobile&quot;:{&quot;unit&quot;:&quot;px&quot;,&quot;size&quot;:&quot;&quot;,&quot;sizes&quot;:[]}}\" data-widget_type=\"spacer.default\">\n\t\t\t\t\t\t\t<div class=\"elementor-spacer\">\n\t\t\t<div class=\"elementor-spacer-inner\"><\/div>\n\t\t<\/div>\n\t\t\t\t\t\t<\/div>\n\t\t\t\t<div class=\"elementor-element elementor-element-010f19d elementor-widget__width-initial elementor-absolute e-transform elementor-widget elementor-widget-spacer\" data-id=\"010f19d\" data-element_type=\"widget\" data-e-type=\"widget\" data-settings=\"{&quot;_position&quot;:&quot;absolute&quot;,&quot;_transform_translateX_effect&quot;:{&quot;unit&quot;:&quot;px&quot;,&quot;size&quot;:0,&quot;sizes&quot;:[]},&quot;_transform_translateY_effect&quot;:{&quot;unit&quot;:&quot;px&quot;,&quot;size&quot;:140,&quot;sizes&quot;:[]},&quot;_transform_translateX_effect_tablet&quot;:{&quot;unit&quot;:&quot;px&quot;,&quot;size&quot;:&quot;&quot;,&quot;sizes&quot;:[]},&quot;_transform_translateX_effect_mobile&quot;:{&quot;unit&quot;:&quot;px&quot;,&quot;size&quot;:&quot;&quot;,&quot;sizes&quot;:[]},&quot;_transform_translateY_effect_tablet&quot;:{&quot;unit&quot;:&quot;px&quot;,&quot;size&quot;:&quot;&quot;,&quot;sizes&quot;:[]},&quot;_transform_translateY_effect_mobile&quot;:{&quot;unit&quot;:&quot;px&quot;,&quot;size&quot;:&quot;&quot;,&quot;sizes&quot;:[]}}\" data-widget_type=\"spacer.default\">\n\t\t\t\t\t\t\t<div class=\"elementor-spacer\">\n\t\t\t<div class=\"elementor-spacer-inner\"><\/div>\n\t\t<\/div>\n\t\t\t\t\t\t<\/div>\n\t\t\t\t<div class=\"elementor-element elementor-element-5ba70f6 elementor-position-inline-end elementor-view-stacked elementor-mobile-position-inline-start elementor-widget__width-auto elementor-widget-tablet__width-auto elementor-widget-mobile__width-auto elementor-shape-circle elementor-widget elementor-widget-icon-box\" data-id=\"5ba70f6\" data-element_type=\"widget\" data-e-type=\"widget\" data-widget_type=\"icon-box.default\">\n\t\t\t\t\t\t\t<div class=\"elementor-icon-box-wrapper\">\n\n\t\t\t\t\t\t<div class=\"elementor-icon-box-icon\">\n\t\t\t\t<a href=\"tel:+31%20(0)%2085-8884661\" class=\"elementor-icon\" tabindex=\"-1\" aria-label=\"Domande o ulteriori informazioni? CHIAMATECI!\">\n\t\t\t\t<svg aria-hidden=\"true\" class=\"e-font-icon-svg e-fas-headphones-alt\" viewbox=\"0 0 512 512\" xmlns=\"http:\/\/www.w3.org\/2000\/svg\"><path d=\"M160 288h-16c-35.35 0-64 28.7-64 64.12v63.76c0 35.41 28.65 64.12 64 64.12h16c17.67 0 32-14.36 32-32.06V320.06c0-17.71-14.33-32.06-32-32.06zm208 0h-16c-17.67 0-32 14.35-32 32.06v127.88c0 17.7 14.33 32.06 32 32.06h16c35.35 0 64-28.71 64-64.12v-63.76c0-35.41-28.65-64.12-64-64.12zM256 32C112.91 32 4.57 151.13 0 288v112c0 8.84 7.16 16 16 16h16c8.84 0 16-7.16 16-16V288c0-114.67 93.33-207.8 208-207.82 114.67.02 208 93.15 208 207.82v112c0 8.84 7.16 16 16 16h16c8.84 0 16-7.16 16-16V288C507.43 151.13 399.09 32 256 32z\"><\/path><\/svg>\t\t\t\t<\/a>\n\t\t\t<\/div>\n\t\t\t\n\t\t\t\t\t\t<div class=\"elementor-icon-box-content\">\n\n\t\t\t\t\t\t\t\t\t<div class=\"elementor-icon-box-title\">\n\t\t\t\t\t\t<a href=\"tel:+31%20(0)%2085-8884661\" >\n\t\t\t\t\t\t\tDomande o ulteriori informazioni? CHIAMATECI!\t\t\t\t\t\t<\/a>\n\t\t\t\t\t<\/div>\n\t\t\t\t\n\t\t\t\t\t\t\t\t\t<p class=\"elementor-icon-box-description\">\n\t\t\t\t\t\t+31 (0) 85-8884661\t\t\t\t\t<\/p>\n\t\t\t\t\n\t\t\t<\/div>\n\t\t\t\n\t\t<\/div>\n\t\t\t\t\t\t<\/div>\n\t\t\t\t<\/div>\n\t\t\t\t\t<\/div>\n\t\t\t\t<\/div>\n\t\t<div class=\"elementor-element elementor-element-67a13562 e-flex e-con-boxed e-con e-parent\" data-id=\"67a13562\" data-element_type=\"container\" data-e-type=\"container\" data-settings=\"{&quot;jet_parallax_layout_list&quot;:[]}\">\n\t\t\t\t\t<div class=\"e-con-inner\">\n\t\t\t\t<div class=\"elementor-element elementor-element-2a18a6ec elementor-widget elementor-widget-text-editor\" data-id=\"2a18a6ec\" data-element_type=\"widget\" data-e-type=\"widget\" data-widget_type=\"text-editor.default\">\n\t\t\t\t\t\t\t\t\t<div class=\"elementor-element elementor-element-976a9ff elementor-widget elementor-widget-text-editor\" data-id=\"976a9ff\" data-element_type=\"widget\" data-widget_type=\"text-editor.default\"><div class=\"elementor-widget-container\"><h2><span style=\"font-size: 16px;\">Informativa sulla privacy e sui cookie Spangenberg B.V.<\/span><\/h2><\/div><\/div><div class=\"elementor-element elementor-element-3d16db2 elementor-widget elementor-widget-text-editor\" data-id=\"3d16db2\" data-element_type=\"widget\" data-widget_type=\"text-editor.default\"><div class=\"elementor-widget-container\"><p>La vostra privacy \u00e8 di grande importanza per Spangenberg B.V.. Per questo motivo ci atteniamo alle leggi e alle normative vigenti in materia di privacy, compreso il Regolamento generale sulla protezione dei dati (in seguito AVG). Ci\u00f2 significa che:<\/p><ul><li><strong>Definire chiaramente i nostri scopi,<\/strong>\u00a0prima di trattare i vostri dati personali, attraverso la presente informativa sulla privacy;<\/li><li><strong>Memorizzare il minor numero possibile di dati personali<\/strong>\u00a0e solo i dati necessari per i nostri scopi;<\/li><li><strong>Chiedere esplicitamente il permesso<\/strong>\u00a0per il trattamento dei vostri dati personali, qualora sia necessario il consenso;<\/li><li><strong>Adottare le misure di sicurezza necessarie<\/strong>\u00a0proteggere i vostri dati personali. Imponiamo questi obblighi anche alle parti che trattano i dati personali per noi;<\/li><li><strong>Rispetto dei diritti<\/strong>come il diritto di accedere, correggere o cancellare i vostri dati personali trattati con noi.<\/li><\/ul><p>I vostri dati sono al sicuro con noi e li utilizzeremo sempre in modo corretto. In questa dichiarazione sulla privacy, spieghiamo cosa facciamo noi della societ\u00e0 Spangenberg B.V. con le informazioni che acquisiamo su di voi.<\/p><p>In caso di domande o per sapere esattamente cosa tracciamo su di voi, contattate Spangenberg B.V.<\/p><p><strong>Il tuo account<\/strong><br \/>Per alcune parti della nostra azienda \u00e8 necessario registrarsi. Dovrete quindi fornire informazioni su di voi e scegliere un nome utente. Questo viene utilizzato per creare un account, al quale l'utente pu\u00f2 accedere utilizzando tale nome utente e una password a sua scelta.<br \/>A tal fine, utilizziamo il vostro:<\/p><ul><li>Dettagli di contatto<\/li><li>Numero di telefono<\/li><li>Indirizzo di fatturazione<\/li><li>Indirizzo e-mail<\/li><li>Dettagli del pagamento<\/li><\/ul><p>Lo facciamo sulla base del vostro consenso. Conserviamo queste informazioni fino alla cancellazione dell'account. Le informazioni vengono conservate in modo che non dobbiate ripeterle all'azienda e per potervi contattare pi\u00f9 facilmente in caso di necessit\u00e0. \u00c8 possibile modificare le informazioni attraverso il proprio account ogni volta che lo si desidera.<\/p><p><strong>Elaborazione dell'ordine<\/strong><br \/>Quando si effettua un ordine con noi, utilizziamo i vostri dati personali per gestirlo correttamente. Potremmo fornire i vostri dati personali al nostro servizio di consegna per farvi recapitare l'ordine. Riceviamo inoltre informazioni sul vostro pagamento dalla vostra banca o dalla societ\u00e0 emittente della carta di credito. A tal fine utilizziamo i vostri dati:<\/p><ul><li>Dettagli di contatto<\/li><li>Numero di telefono<\/li><li>Indirizzo di fatturazione<\/li><li>Indirizzo e-mail<\/li><li>Dettagli del pagamento<\/li><\/ul><p>Lo facciamo sulla base del vostro consenso. Conserviamo queste informazioni fino al completamento dell'ordine. Conserviamo alcuni dati dei clienti per un periodo pi\u00f9 lungo in relazione all'obbligo di conservazione fiscale previsto dalla legge.<\/p><p><strong>Invio di newsletter<\/strong><br \/>Abbiamo una newsletter e sarete automaticamente aggiunti all'elenco degli iscritti. Nella newsletter potrete leggere notizie, suggerimenti e informazioni sui nostri prodotti e servizi. Utilizziamo i vostri dati:<\/p><ul><li>Dettagli di contatto<\/li><li>Numero di telefono<\/li><li>Indirizzo di fatturazione<\/li><li>Indirizzo e-mail<\/li><\/ul><p>Lo facciamo sulla base del vostro consenso. Conserviamo queste informazioni fino alla cancellazione dell'abbonamento.<\/p><p>La newsletter viene inviata per posta mensilmente. I contenuti della newsletter includono quanto segue:<\/p><p>\u00c8 possibile annullare l'iscrizione alla newsletter in qualsiasi momento. Ogni newsletter contiene un link di cancellazione.<\/p><p><strong>Accesso al portale<\/strong><br \/>Il nostro portale vi d\u00e0 accesso a un ambiente di gestione in cui potete impostare, specificare e modificare le cose per l'azienda. Teniamo traccia di ci\u00f2 che avete fatto e quando, in modo da averne la prova. Utilizziamo i vostri dati:<\/p><ul><li>Dettagli di contatto<\/li><li>Numero di telefono<\/li><li>Indirizzo di fatturazione<\/li><li>Indirizzo e-mail<\/li><li>Dettagli del pagamento<\/li><\/ul><p>Lo facciamo sulla base del vostro consenso. Conserviamo queste informazioni fino al termine del servizio offerto all'utente.<\/p><p><strong>Sottoscrizione di un abbonamento<\/strong><br \/>\u00c8 possibile sottoscrivere un abbonamento a pagamento con la nostra societ\u00e0 Spangenberg B.V., dove utilizziamo i vostri dati personali per gestire il pagamento. A tal fine utilizziamo i vostri dati:<\/p><ul><li>Dettagli di contatto<\/li><li>Numero di telefono<\/li><li>Indirizzo di fatturazione<\/li><li>Indirizzo e-mail<\/li><li>Dettagli del pagamento<\/li><\/ul><p>Lo facciamo sulla base del vostro consenso. Conserviamo queste informazioni fino alla cancellazione dell'abbonamento. Conserviamo alcuni dati dei clienti per un periodo pi\u00f9 lungo in relazione all'obbligo di conservazione fiscale previsto dalla legge.<\/p><p><strong>Modulo di contatto<\/strong><br \/>Il modulo di contatto vi consente di porci domande o di formulare richieste. Utilizziamo il vostro:<\/p><ul><li>Dettagli di contatto<\/li><li>Numero di telefono<\/li><li>Indirizzo e-mail<\/li><\/ul><p>Lo facciamo sulla base del vostro consenso. Conserviamo queste informazioni finch\u00e9 non siamo certi che siete soddisfatti della nostra risposta.<\/p><p><strong>Statistiche e profilazione<\/strong><br \/>Conserviamo statistiche sull'utilizzo della nostra azienda, ma ci\u00f2 avviene sempre in forma anonima. Utilizziamo queste statistiche per migliorare la nostra azienda, ad esempio per visualizzare solo informazioni pertinenti. Possiamo combinare i vostri dati personali per saperne di pi\u00f9 su di voi. Naturalmente, rispetteremo sempre la vostra privacy. Se non lo desiderate, potete sempre informarci. Utilizzeremo i vostri dati:<\/p><ul><li>Dettagli di contatto<\/li><li>Indirizzo e-mail<\/li><li>Indirizzo IP<\/li><\/ul><p>Lo facciamo sulla base del vostro consenso. Conserviamo queste informazioni per sei settimane. Utilizziamo i vostri dati:<\/p><p>Memorizziamo queste informazioni,.<\/p><p><strong>Pubblicit\u00e0<\/strong><br \/>Desideriamo inviarvi pubblicit\u00e0 su offerte e nuovi prodotti o servizi. Lo facciamo:<\/p><ul><li>Per e-mail<\/li><li>Tramite i social media<\/li><li>Per telefono<\/li><\/ul><p>\u00c8 possibile opporsi a questa pubblicit\u00e0 in qualsiasi momento. Ogni e-mail contiene un link per annullare l'iscrizione. Potete bloccarci o utilizzare l'opzione di cancellazione. Potete indicarlo quando ricevete una chiamata. Potete farlo anche tramite il vostro account. \u00c8 possibile farlo anche tramite il portale.<\/p><p><strong>Divulgazione ad altre societ\u00e0 o istituzioni<\/strong><br \/>Fatta eccezione per le parti necessarie a fornire i servizi di cui sopra, non comunichiamo in alcun caso i vostri dati personali ad altre societ\u00e0 o istituzioni, tranne nel caso in cui siamo obbligati a farlo per legge (ad esempio, se la polizia lo richiede in caso di sospetto di reato).<\/p><p><strong>Statistiche<\/strong><br \/>Teniamo statistiche sull'utilizzo della nostra attivit\u00e0, ma questi dati sono sempre anonimizzati.<\/p><p>La nostra azienda include i pulsanti dei social media. Con questi, gli operatori di tali servizi raccolgono i vostri dati personali.<\/p><p><strong>Biscotti<\/strong><br \/>La nostra azienda utilizza i cookie. I cookie sono piccoli file in cui possiamo memorizzare le informazioni in modo che non dobbiate inserirle continuamente. Ma ci permettono anche di vedere che ci visitate di nuovo.<\/p><p>\u00c8 possibile disattivare l'impostazione dei cookie tramite il browser, ma alcune funzioni della nostra azienda non funzioneranno pi\u00f9 correttamente.<\/p><p>Abbiamo raggiunto accordi con altre aziende che inseriscono cookie. Tuttavia, non abbiamo il pieno controllo su ci\u00f2 che esse stesse fanno con i cookie. Vi invitiamo pertanto a leggere anche le loro dichiarazioni sulla privacy.<\/p><p><strong>Sicurezza<\/strong><br \/>La sicurezza dei dati personali \u00e8 molto importante per noi. Ci assicuriamo che i vostri dati siano adeguatamente protetti. Aggiorniamo costantemente la sicurezza e prestiamo molta attenzione a ci\u00f2 che pu\u00f2 andare storto.<\/p><p><strong>Modifiche alla presente informativa sulla privacy<\/strong><br \/>Quando la nostra azienda cambia, dobbiamo naturalmente aggiornare anche l'informativa sulla privacy. Per questo motivo, \u00e8 bene tenere sempre presente la data sopra riportata e controllare regolarmente la presenza di nuove versioni. Faremo del nostro meglio per comunicarvi le modifiche.<\/p><p><strong>I vostri diritti<\/strong><br \/>Se avete domande o volete sapere quali dati personali vi riguardano, potete sempre contattarci. Vedere i dettagli di contatto qui sotto.<\/p><p>L'utente ha i seguenti diritti:<\/p><ul><li>Ottenere una spiegazione dei dati personali in nostro possesso e dell'uso che ne facciamo;<\/li><li>Conoscere con esattezza i dati personali in nostro possesso;<\/li><li>Correzione degli errori;<\/li><li>Eliminare i dati personali obsoleti;<\/li><li>Trasferimento dei dati personali a un altro soggetto;<\/li><li>Ritiro del consenso;<\/li><li>Limitare una particolare elaborazione;<\/li><li>Obiezione a un uso particolare.<\/li><\/ul><p>Vi preghiamo di indicare sempre chiaramente chi siete, in modo da essere sicuri di non modificare o cancellare i dati della persona sbagliata.<\/p><p>In linea di principio, daremo seguito alla vostra richiesta entro un mese. Tuttavia, questo termine pu\u00f2 essere prorogato per motivi legati ai diritti specifici degli interessati o alla complessit\u00e0 della richiesta. In caso di proroga, vi informeremo tempestivamente.<\/p><p><strong>Presentazione di un reclamo<\/strong><br \/>Se desiderate presentare un reclamo sull'uso dei vostri dati personali, inviate un'e-mail a info@spangenberggroep.nl. Ci occuperemo di ogni reclamo internamente e lo comunicheremo ulteriormente all'utente.<\/p><p>Se ritenete che non vi stiamo aiutando nel modo giusto, avete il diritto di presentare un reclamo all'autorit\u00e0 di regolamentazione. Si tratta dell'Autorit\u00e0 per i dati personali.<\/p><p><strong>Dettagli di contatto<\/strong><br \/>Spangenberg B.V.<br \/>Randwycksingel 20C 03<br \/>6229 EE Maastricht<br \/>Indirizzo e-mail: info@spangenberggroep.nl<br \/>Telefono: 085 888 4661<\/p><p>Numero della Camera di Commercio: 14069099<\/p><\/div><\/div>\t\t\t\t\t\t\t\t<\/div>\n\t\t\t\t\t<\/div>\n\t\t\t\t<\/div>\n\t\t\t\t<\/div>","protected":false},"excerpt":{"rendered":"<p>Spangenberggroep Privacy Verklaring Vragen of meer informatie? BEL ONS! Privacy- en cookieverklaring Spangenberg B.V. Jouw privacy is voor Spangenberg B.V. van groot belang. Wij houden ons dan ook aan de relevante wet- en regelgeving over privacy, waaronder de Algemene Verordening Gegevensbescherming (verder: AVG). Dit betekent dat wij: Onze doeleinden duidelijk vastleggen,\u00a0voordat wij jouw persoonlijke gegevens [&hellip;]<\/p>\n","protected":false},"author":2,"featured_media":0,"parent":0,"menu_order":0,"comment_status":"closed","ping_status":"closed","template":"elementor_header_footer","meta":{"_mo_disable_npp":"","footnotes":""},"class_list":["post-1946","page","type-page","status-publish","hentry"],"_links":{"self":[{"href":"https:\/\/spangenberggroep.nl\/it\/wp-json\/wp\/v2\/pages\/1946","targetHints":{"allow":["GET"]}}],"collection":[{"href":"https:\/\/spangenberggroep.nl\/it\/wp-json\/wp\/v2\/pages"}],"about":[{"href":"https:\/\/spangenberggroep.nl\/it\/wp-json\/wp\/v2\/types\/page"}],"author":[{"embeddable":true,"href":"https:\/\/spangenberggroep.nl\/it\/wp-json\/wp\/v2\/users\/2"}],"replies":[{"embeddable":true,"href":"https:\/\/spangenberggroep.nl\/it\/wp-json\/wp\/v2\/comments?post=1946"}],"version-history":[{"count":5,"href":"https:\/\/spangenberggroep.nl\/it\/wp-json\/wp\/v2\/pages\/1946\/revisions"}],"predecessor-version":[{"id":2037,"href":"https:\/\/spangenberggroep.nl\/it\/wp-json\/wp\/v2\/pages\/1946\/revisions\/2037"}],"wp:attachment":[{"href":"https:\/\/spangenberggroep.nl\/it\/wp-json\/wp\/v2\/media?parent=1946"}],"curies":[{"name":"wp","href":"https:\/\/api.w.org\/{rel}","templated":true}]}}